{"id":13,"date":"2015-01-24T21:35:51","date_gmt":"2015-01-24T21:35:51","guid":{"rendered":"http:\/\/jeep.tomsky.de\/?page_id=13"},"modified":"2020-12-29T20:44:25","modified_gmt":"2020-12-29T20:44:25","slug":"its-a-jeep-thing","status":"publish","type":"page","link":"https:\/\/jeep.tomsky.de\/","title":{"rendered":"It&#8217;s a Jeep thing&#8230;"},"content":{"rendered":"<p style=\"color: #000000;\">Auf dieser Webseite m\u00f6chte ich den Ausbau unseres Jeep Wrangler Unlimited&nbsp;beschreiben. Dieser Gel\u00e4ndewagen&nbsp;ist zwar kein Campingbus, aber nach dem Motto &#8222;Raum ist in der kleinsten H\u00fctte&#8220; konnten wir den Jeep&nbsp;so ausbauen, wie wir es f\u00fcr unsere Zwecke gerne haben wollten: bei den Outdoor-Aktivit\u00e4ten Klettern, Mountainbiken, Kanu fahren oder Skitouren und Eisklettern sollten au\u00dfer unserem Equipment auch Sachen zum Kochen, Schlafen und Waschen dabei sein.<\/p>\n<p style=\"color: #000000;\">Viel Spa\u00df beim Lesen w\u00fcnscht euch Tomsky.<\/p>\n<p style=\"color: #000000;\"><a href=\"http:\/\/jeep.tomsky.de\/wp-content\/uploads\/2016\/09\/40D_09746.png\"><img loading=\"lazy\" class=\"alignnone size-full wp-image-146\" src=\"http:\/\/jeep.tomsky.de\/wp-content\/uploads\/2016\/09\/40D_09746.png\" alt=\"40D_09746\" width=\"600\" height=\"400\" srcset=\"https:\/\/jeep.tomsky.de\/wp-content\/uploads\/2016\/09\/40D_09746.png 600w, https:\/\/jeep.tomsky.de\/wp-content\/uploads\/2016\/09\/40D_09746-300x200.png 300w\" sizes=\"(max-width: 600px) 100vw, 600px\" \/><\/a><\/p>\n<p style=\"color: #000000;\"><a href=\"http:\/\/jeep.tomsky.de\/wp-content\/uploads\/2015\/01\/jeep_winter_2015_01.jpg\"><img loading=\"lazy\" class=\"alignnone size-full wp-image-20\" src=\"http:\/\/jeep.tomsky.de\/wp-content\/uploads\/2015\/01\/jeep_winter_2015_01.jpg\" alt=\"Jeep Winter 2015\" width=\"600\" height=\"453\"><\/a><\/p>\n<p style=\"color: #000000;\"><a href=\"http:\/\/jeep.tomsky.de\/wp-content\/uploads\/2015\/01\/jeep_summer_2015_01.jpg\"><img loading=\"lazy\" class=\"alignnone size-full wp-image-137\" src=\"http:\/\/jeep.tomsky.de\/wp-content\/uploads\/2015\/01\/jeep_summer_2015_01.jpg\" alt=\"jeep_summer_2015_01\" width=\"600\" height=\"450\" srcset=\"https:\/\/jeep.tomsky.de\/wp-content\/uploads\/2015\/01\/jeep_summer_2015_01.jpg 600w, https:\/\/jeep.tomsky.de\/wp-content\/uploads\/2015\/01\/jeep_summer_2015_01-300x225.jpg 300w\" sizes=\"(max-width: 600px) 100vw, 600px\" \/><\/a><\/p>\n","protected":false},"excerpt":{"rendered":"<p>Auf dieser Webseite m\u00f6chte ich den Ausbau unseres Jeep Wrangler Unlimited&nbsp;beschreiben. Dieser Gel\u00e4ndewagen&nbsp;ist zwar kein Campingbus, aber nach dem Motto &#8222;Raum ist in der kleinsten H\u00fctte&#8220; konnten wir den Jeep&nbsp;so ausbauen, wie wir es f\u00fcr unsere Zwecke gerne haben wollten: bei den Outdoor-Aktivit\u00e4ten Klettern, Mountainbiken, Kanu fahren oder Skitouren und Eisklettern sollten au\u00dfer unserem Equipment [&hellip;]<\/p>\n","protected":false},"author":1,"featured_media":0,"parent":0,"menu_order":0,"comment_status":"closed","ping_status":"open","template":"","meta":{"_mi_skip_tracking":false},"yoast_head":"<!-- This site is optimized with the Yoast SEO plugin v15.5 - https:\/\/yoast.com\/wordpress\/plugins\/seo\/ -->\n<title>It&#039;s a Jeep thing... - Project Jeep<\/title>\n<meta name=\"robots\" content=\"index, follow, max-snippet:-1, max-image-preview:large, max-video-preview:-1\" \/>\n<link rel=\"canonical\" href=\"http:\/\/jeep.tomsky.de\/\" \/>\n<meta property=\"og:locale\" content=\"de_DE\" \/>\n<meta property=\"og:type\" content=\"article\" \/>\n<meta property=\"og:title\" content=\"It&#039;s a Jeep thing... - Project Jeep\" \/>\n<meta property=\"og:description\" content=\"Auf dieser Webseite m\u00f6chte ich den Ausbau unseres Jeep Wrangler Unlimited&nbsp;beschreiben. Dieser Gel\u00e4ndewagen&nbsp;ist zwar kein Campingbus, aber nach dem Motto &#8222;Raum ist in der kleinsten H\u00fctte&#8220; konnten wir den Jeep&nbsp;so ausbauen, wie wir es f\u00fcr unsere Zwecke gerne haben wollten: bei den Outdoor-Aktivit\u00e4ten Klettern, Mountainbiken, Kanu fahren oder Skitouren und Eisklettern sollten au\u00dfer unserem Equipment [&hellip;]\" \/>\n<meta property=\"og:url\" content=\"http:\/\/jeep.tomsky.de\/\" \/>\n<meta property=\"og:site_name\" content=\"Project Jeep\" \/>\n<meta property=\"article:modified_time\" content=\"2020-12-29T20:44:25+00:00\" \/>\n<meta property=\"og:image\" content=\"http:\/\/jeep.tomsky.de\/wp-content\/uploads\/2016\/09\/40D_09746.png\" \/>\n<meta name=\"twitter:label1\" content=\"Gesch\u00e4tzte Lesezeit\">\n\t<meta name=\"twitter:data1\" content=\"0\u00a0Minuten\">\n<script type=\"application\/ld+json\" class=\"yoast-schema-graph\">{\"@context\":\"https:\/\/schema.org\",\"@graph\":[{\"@type\":\"WebSite\",\"@id\":\"http:\/\/jeep.tomsky.de\/#website\",\"url\":\"http:\/\/jeep.tomsky.de\/\",\"name\":\"Project Jeep\",\"description\":\"Jeep Wrangler Unlimited ausbauen\",\"potentialAction\":[{\"@type\":\"SearchAction\",\"target\":\"http:\/\/jeep.tomsky.de\/?s={search_term_string}\",\"query-input\":\"required name=search_term_string\"}],\"inLanguage\":\"de\"},{\"@type\":\"ImageObject\",\"@id\":\"http:\/\/jeep.tomsky.de\/#primaryimage\",\"inLanguage\":\"de\",\"url\":\"http:\/\/jeep.tomsky.de\/wp-content\/uploads\/2016\/09\/40D_09746.png\"},{\"@type\":\"WebPage\",\"@id\":\"http:\/\/jeep.tomsky.de\/#webpage\",\"url\":\"http:\/\/jeep.tomsky.de\/\",\"name\":\"It's a Jeep thing... - Project Jeep\",\"isPartOf\":{\"@id\":\"http:\/\/jeep.tomsky.de\/#website\"},\"primaryImageOfPage\":{\"@id\":\"http:\/\/jeep.tomsky.de\/#primaryimage\"},\"datePublished\":\"2015-01-24T21:35:51+00:00\",\"dateModified\":\"2020-12-29T20:44:25+00:00\",\"inLanguage\":\"de\",\"potentialAction\":[{\"@type\":\"ReadAction\",\"target\":[\"http:\/\/jeep.tomsky.de\/\"]}]}]}<\/script>\n<!-- \/ Yoast SEO plugin. -->","_links":{"self":[{"href":"https:\/\/jeep.tomsky.de\/index.php?rest_route=\/wp\/v2\/pages\/13"}],"collection":[{"href":"https:\/\/jeep.tomsky.de\/index.php?rest_route=\/wp\/v2\/pages"}],"about":[{"href":"https:\/\/jeep.tomsky.de\/index.php?rest_route=\/wp\/v2\/types\/page"}],"author":[{"embeddable":true,"href":"https:\/\/jeep.tomsky.de\/index.php?rest_route=\/wp\/v2\/users\/1"}],"replies":[{"embeddable":true,"href":"https:\/\/jeep.tomsky.de\/index.php?rest_route=%2Fwp%2Fv2%2Fcomments&post=13"}],"version-history":[{"count":5,"href":"https:\/\/jeep.tomsky.de\/index.php?rest_route=\/wp\/v2\/pages\/13\/revisions"}],"predecessor-version":[{"id":179,"href":"https:\/\/jeep.tomsky.de\/index.php?rest_route=\/wp\/v2\/pages\/13\/revisions\/179"}],"wp:attachment":[{"href":"https:\/\/jeep.tomsky.de\/index.php?rest_route=%2Fwp%2Fv2%2Fmedia&parent=13"}],"curies":[{"name":"wp","href":"https:\/\/api.w.org\/{rel}","templated":true}]}}